{"id":27,"date":"2024-09-25T07:54:51","date_gmt":"2024-09-25T07:54:51","guid":{"rendered":"https:\/\/lg-eichen.de\/?page_id=27"},"modified":"2024-10-02T08:58:07","modified_gmt":"2024-10-02T08:58:07","slug":"impressum","status":"publish","type":"page","link":"https:\/\/lg-eichen.de\/index.php\/impressum\/","title":{"rendered":"Impressum"},"content":{"rendered":"\n<p><strong>Pflichtangaben nach \u00a7 6 Teledienstegesetz (TDG) bzw. \u00a7 10 des Mediendienstestaatsvertrages (MDStV)<\/strong><\/p>\n\n\n\n<p><strong>Herausgeber<\/strong>:<\/p>\n\n\n\n<p>Freiwillige Feuerwehr Kreuztal<br>L\u00f6schgruppe Eichen<\/p>\n\n\n\n<p>Hagener Str. 142<br>57223 Kreuztal<\/p>\n\n\n\n<p>Telefon: 02732 1359<br>E-Mail: info@lg-eichen.de<br>Internet: http:\/\/www.lg-eichen.de<\/p>\n\n\n\n<p><strong>Inhaltlich Verantwortliche gem\u00e4\u00df \u00a7 10 Absatz 3 MDStV:<\/strong><br>Lisa Flender (Internet-Beauftragte), Anschrift wie oben.<\/p>\n\n\n\n<p><strong>Haftungshinweise:<\/strong><br>Trotz sorgf\u00e4ltiger inhaltlicher Kontrolle \u00fcbernehmen wir keine Haftung f\u00fcr die Inhalte verlinkter, externer Seiten. F\u00fcr den Inhalt der verlinkten Seiten sind ausschlie\u00dflich deren Betreiber verantwortlich.<\/p>\n\n\n\n<p><\/p>\n\n\n\n<p><strong>Rechtliche Hinweise, Haftungsausschluss und dessen Rechtswirksamkeit<\/strong><\/p>\n\n\n\n<p><strong>Hinweise:<br><\/strong>Die Homepage (\u201eWebsite\u201c) der Freiwilligen Feuerwehr Kreuztal, L\u00f6schgruppe Eichen, im Folgenden \u201eL\u00f6schgruppe\u201c genannt, ist ein Informationsdienst, der ohne Gewinnerzielungsabsicht bereitgestellt wird. Diese Website ist nicht das offizielle Verbandsorgan der L\u00f6schgruppe oder der Freiwilligen Feuerwehr Kreuztal, Bilder und Texte auf den Homepageseiten geben die Meinung der jeweiligen Autoren wieder.<\/p>\n\n\n\n<p><strong>Haftungsausschluss:<br><\/strong>Der jeweilige Autor und\/oder die L\u00f6schgruppe \u00fcbernimmt keinerlei Gew\u00e4hr f\u00fcr die Aktualit\u00e4t, Korrektheit, Vollst\u00e4ndigkeit oder Qualit\u00e4t der bereitgestellten Informationen. Haftungsanspr\u00fcche gegen den Autor oder die L\u00f6schgruppe, die sich auf Sch\u00e4den materieller oder ideeller Art beziehen, welche durch die Nutzung oder Nichtnutzung der dargebotenen Informationen bzw. durch die Nutzung fehlerhafter und unvollst\u00e4ndiger Informationen verursacht wurden, sind grunds\u00e4tzlich ausgeschlossen, sofern seitens des Autors kein nachweislich vors\u00e4tzliches oder grob fahrl\u00e4ssiges Verschulden vorliegt. Alle Angebote sind freibleibend und unverbindlich. Der Autor bzw. die L\u00f6schgruppe beh\u00e4lt es sich ausdr\u00fccklich vor, Teile der Seiten oder das gesamte Angebot ohne gesonderte Ank\u00fcndigung zu ver\u00e4ndern, zu erg\u00e4nzen, zu l\u00f6schen oder die Ver\u00f6ffentlichung zeitweise oder endg\u00fcltig einzustellen. Sofern auf Verweisziele (\u201eLinks\u201c) direkt oder indirekt verwiesen wird, die au\u00dferhalb des Verantwortungsbereiches des Autors bzw. der L\u00f6schgruppe liegen, haften diese nicht. F\u00fcr dar\u00fcberhinausgehende Inhalte und insbesondere f\u00fcr Sch\u00e4den, die aus der Nutzung oder Nichtnutzung solcherart dargebotener Informationen entstehen, haftet allein der jeweilige Anbieter dieser Seiten, nicht derjenige, der lediglich \u00fcber Links auf die jeweilige Ver\u00f6ffentlichung verweist. Diese Einschr\u00e4nkung gilt gleicherma\u00dfen auch f\u00fcr Fremdeintr\u00e4ge in vom Autor eingerichteten G\u00e4steb\u00fcchern, Diskussionsforen und Mailinglisten.<\/p>\n\n\n\n<p><strong>Urheber- und Markenrecht:<br><\/strong>Der Autor und die L\u00f6schgruppe sind bestrebt, in allen ver\u00f6ffentlichten Inhalten die Urheberrechte der verwendeten Grafiken, Sounds und Texte zu beachten, sowie selbst erstellte Grafiken, Sounds und Texte zu nutzen oder auf lizenzfreie Grafiken, Sounds und Texte zur\u00fcckzugreifen. F\u00fcr alle Ver\u00f6ffentlichungen unter www.lg-eichen.de wurden Genehmigungen der Medien, Fotografen und Autoren (soweit nicht mit Quellenangabe ver\u00f6ffentlicht) eingeholt. Sollte sich auf den jeweiligen Seiten dennoch eine ungekennzeichnete, aber durch fremdes Copyright gesch\u00fctzte Grafik, ein Sound oder Text befinden, so konnte das Copyright vom Autor nicht festgestellt werden. Im Falle einer solchen unbeabsichtigten Copyrightverletzung wird der Autor das entsprechende Objekt nach Benachrichtigung aus seiner Publikation entfernen bzw. mit dem entsprechenden Copyright kenntlich machen. Das Copyright f\u00fcr ver\u00f6ffentlichte, vom Autor selbst erstellte Objekte bleibt allein beim Autor der Seiten.<\/p>\n\n\n\n<p>M\u00f6chten Sie Teile dieser Homepage oder die darauf durch die L\u00f6schgruppe bereitgestellten Informationen f\u00fcr Ihre ausschlie\u00dflich nichtkommerziellen Zwecke verwenden, bedenken Sie bitte die Urheberrechte und verweisen Sie dabei bitte auf www.lg-eichen.de bzw. auf die jeweiligen Quellen. Weiterhin m\u00f6chten wir darum bitten, dass Sie uns im Falle einer Verwendung der durch uns erstellten Inhalte eine entsprechende Mitteilung sowie \u2013 falls verf\u00fcgbar \u2013 ein Belegexemplar Ihrer Ver\u00f6ffentlichung zukommen lassen.<\/p>\n\n\n\n<p>F\u00fcr etwaige \u00dcbersetzungsfehler wird keine Gew\u00e4hr \u00fcbernommen. F\u00fcr Sch\u00e4den durch vorgestellte Vorgehensweisen wird keinerlei Haftung \u00fcbernommen.<\/p>\n\n\n\n<p><strong>Auswertung von Nutzungsstatistiken:<br><\/strong>Diese Website benutzt Google Analytics, einen Webanalysedienst der Google Inc. (\u201eGoogle\u201c). Google Analytics verwendet sog. \u201eCookies\u201c, Textdateien, die auf Ihrem Computer gespeichert werden und die eine Analyse der Benutzung der Website durch Sie erm\u00f6glichen. Die durch den Cookie erzeugten Informationen \u00fcber Ihre Benutzung dieser Website (einschlie\u00dflich Ihrer IP-Adresse) wird an einen Server von Google in den USA \u00fcbertragen und dort gespeichert. Google wird diese Informationen benutzen, um Ihre Nutzung der Website auszuwerten, um Reports \u00fcber die Websiteaktivit\u00e4ten f\u00fcr die Websitebetreiber zusammenzustellen und um weitere mit der Websitenutzung und der Internetnutzung verbundene Dienstleistungen zu erbringen. Auch wird Google diese Informationen gegebenenfalls an Dritte \u00fcbertragen, sofern dies gesetzlich vorgeschrieben ist oder soweit Dritte diese Daten im Auftrag von Google verarbeiten. Google wird in keinem Fall Ihre IP-Adresse mit anderen Daten von Google in Verbindung bringen. Sie k\u00f6nnen die Installation der Cookies durch eine entsprechende Einstellung Ihrer Browser Software verhindern; wir weisen Sie jedoch darauf hin, dass Sie in diesem Fall gegebenenfalls nicht s\u00e4mtliche Funktionen dieser Website vollumf\u00e4nglich nutzen k\u00f6nnen. Durch die Nutzung dieser Website erkl\u00e4ren Sie sich mit der Bearbeitung der \u00fcber Sie erhobenen Daten durch Google in der zuvor beschriebenen Art und Weise und zu dem zuvor benannten Zweck einverstanden.<\/p>\n\n\n\n<p><strong>Rechtswirksamkeit:<br><\/strong>Dieser Haftungsausschluss ist als Teil des Internetangebotes zu betrachten, von dem aus auf diese Seite verwiesen wurde. Sofern Teile oder einzelne Formulierungen dieses Textes der geltenden Rechtslage nicht, nicht mehr oder nicht vollst\u00e4ndig entsprechen sollten, bleiben die \u00fcbrigen Teile des Dokumentes in ihrem Inhalt und ihrer G\u00fcltigkeit davon unber\u00fchrt.<\/p>\n","protected":false},"excerpt":{"rendered":"<p>Pflichtangaben nach \u00a7 6 Teledienstegesetz (TDG) bzw. \u00a7 10 des Mediendienstestaatsvertrages (MDStV) Herausgeber: Freiwillige Feuerwehr KreuztalL\u00f6schgruppe Eichen Hagener Str. 14257223 Kreuztal Telefon: 02732 1359E-Mail: info@lg-eichen.deInternet: http:\/\/www.lg-eichen.de Inhaltlich Verantwortliche gem\u00e4\u00df \u00a7 10 Absatz 3 MDStV:Lisa Flender (Internet-Beauftragte), Anschrift wie oben. Haftungshinweise:Trotz sorgf\u00e4ltiger inhaltlicher Kontrolle \u00fcbernehmen wir keine Haftung f\u00fcr die Inhalte verlinkter, externer Seiten. F\u00fcr den Inhalt der verlinkten Seiten sind ausschlie\u00dflich deren Betreiber verantwortlich. Rechtliche Hinweise, Haftungsausschluss und dessen Rechtswirksamkeit Hinweise:Die Homepage (\u201eWebsite\u201c) der Freiwilligen Feuerwehr Kreuztal, L\u00f6schgruppe Eichen, im Folgenden \u201eL\u00f6schgruppe\u201c genannt, ist ein Informationsdienst, der ohne Gewinnerzielungsabsicht bereitgestellt wird. Diese Website ist nicht das offizielle Verbandsorgan der L\u00f6schgruppe oder der Freiwilligen Feuerwehr Kreuztal, Bilder und Texte auf den Homepageseiten geben die Meinung der jeweiligen Autoren wieder. Haftungsausschluss:Der jeweilige Autor und\/oder die L\u00f6schgruppe \u00fcbernimmt keinerlei Gew\u00e4hr f\u00fcr die Aktualit\u00e4t, Korrektheit, Vollst\u00e4ndigkeit oder Qualit\u00e4t der bereitgestellten Informationen. Haftungsanspr\u00fcche gegen den Autor oder die L\u00f6schgruppe, die sich auf Sch\u00e4den materieller oder ideeller Art beziehen, welche durch die Nutzung oder Nichtnutzung der dargebotenen Informationen bzw. durch die Nutzung fehlerhafter und unvollst\u00e4ndiger Informationen verursacht wurden, sind grunds\u00e4tzlich ausgeschlossen, sofern seitens des Autors kein nachweislich vors\u00e4tzliches oder grob fahrl\u00e4ssiges Verschulden vorliegt. Alle Angebote sind freibleibend und unverbindlich. Der Autor bzw. die L\u00f6schgruppe beh\u00e4lt es sich ausdr\u00fccklich vor, Teile der Seiten oder das gesamte Angebot ohne gesonderte Ank\u00fcndigung zu ver\u00e4ndern, zu erg\u00e4nzen, zu l\u00f6schen oder die Ver\u00f6ffentlichung zeitweise oder endg\u00fcltig einzustellen. Sofern auf Verweisziele (\u201eLinks\u201c) direkt oder indirekt verwiesen wird, die au\u00dferhalb des Verantwortungsbereiches des Autors bzw. der L\u00f6schgruppe liegen, haften diese nicht. F\u00fcr dar\u00fcberhinausgehende Inhalte und insbesondere f\u00fcr Sch\u00e4den, die aus der Nutzung oder Nichtnutzung solcherart dargebotener Informationen entstehen, haftet allein der jeweilige Anbieter dieser Seiten, nicht derjenige, der lediglich \u00fcber Links auf die jeweilige Ver\u00f6ffentlichung verweist. Diese Einschr\u00e4nkung gilt gleicherma\u00dfen auch f\u00fcr Fremdeintr\u00e4ge in vom Autor eingerichteten G\u00e4steb\u00fcchern, Diskussionsforen und Mailinglisten. Urheber- und [&hellip;]<\/p>\n","protected":false},"author":2,"featured_media":0,"parent":0,"menu_order":0,"comment_status":"closed","ping_status":"closed","template":"","meta":{"footnotes":""},"class_list":["post-27","page","type-page","status-publish","hentry"],"_links":{"self":[{"href":"https:\/\/lg-eichen.de\/index.php\/wp-json\/wp\/v2\/pages\/27","targetHints":{"allow":["GET"]}}],"collection":[{"href":"https:\/\/lg-eichen.de\/index.php\/wp-json\/wp\/v2\/pages"}],"about":[{"href":"https:\/\/lg-eichen.de\/index.php\/wp-json\/wp\/v2\/types\/page"}],"author":[{"embeddable":true,"href":"https:\/\/lg-eichen.de\/index.php\/wp-json\/wp\/v2\/users\/2"}],"replies":[{"embeddable":true,"href":"https:\/\/lg-eichen.de\/index.php\/wp-json\/wp\/v2\/comments?post=27"}],"version-history":[{"count":4,"href":"https:\/\/lg-eichen.de\/index.php\/wp-json\/wp\/v2\/pages\/27\/revisions"}],"predecessor-version":[{"id":246,"href":"https:\/\/lg-eichen.de\/index.php\/wp-json\/wp\/v2\/pages\/27\/revisions\/246"}],"wp:attachment":[{"href":"https:\/\/lg-eichen.de\/index.php\/wp-json\/wp\/v2\/media?parent=27"}],"curies":[{"name":"wp","href":"https:\/\/api.w.org\/{rel}","templated":true}]}}