{"id":253,"date":"2024-10-02T09:37:10","date_gmt":"2024-10-02T09:37:10","guid":{"rendered":"https:\/\/lg-eichen.de\/?page_id=253"},"modified":"2024-10-02T10:07:07","modified_gmt":"2024-10-02T10:07:07","slug":"strassensperrung","status":"publish","type":"page","link":"https:\/\/lg-eichen.de\/index.php\/strassensperrung\/","title":{"rendered":"Stra\u00dfensperrung"},"content":{"rendered":"\n<div class=\"wp-block-columns is-layout-flex wp-container-core-columns-is-layout-9d6595d7 wp-block-columns-is-layout-flex\">\n<div class=\"wp-block-column is-layout-flow wp-block-column-is-layout-flow\">\n<h3 class=\"wp-block-heading\">Auf-\/Abbauzeiten<\/h3>\n\n\n\n<p>Die Stra\u00dfensperrungen f\u00fcr den 25.05.2025 (Sonntag) gelten (voraussichtlich) im Zeitraum von 7:00 Uhr bis 20:00 Uhr. Die Veranstaltung beginnt offiziell um 11:00 Uhr und endet um 17:00 Uhr.<\/p>\n\n\n\n<p>Einige infrastrukturelle Arbeiten werden auch schon in den Tagen zuvor stattfinden, dadurch kann es zu m\u00f6glichen, kurzzeitigen Behinderungen im Verkehrsfluss kommen &#8211; diese beeintr\u00e4chtigen aber keinesfalls die Durchfahrt der Stra\u00dfen und Anwohnerwege. Wir bitten dies vorab zu entschuldigen!<\/p>\n\n\n\n<h3 class=\"wp-block-heading\">Umleitungen<\/h3>\n\n\n\n<p>Entsprechende Umleitungen durch die Bockenbachstra\u00dfe, Schulstra\u00dfe, Auf der Birke, Jahnstra\u00dfe, Stendenbacher Weg, Wendenhof und umliegend werden fr\u00fchzeitig ausgeschildert. <\/p>\n<\/div>\n\n\n\n<div class=\"wp-block-column is-layout-flow wp-block-column-is-layout-flow\">\n<h3 class=\"wp-block-heading\">Stra\u00dfenkarte \/ Sperrungen<\/h3>\n\n\n\n<figure class=\"wp-block-image size-large\"><img decoding=\"async\" width=\"937\" height=\"1024\" src=\"https:\/\/lg-eichen.de\/wp-content\/uploads\/2024\/10\/Strassenkarte-937x1024.jpg\" alt=\"\" class=\"wp-image-257\" srcset=\"https:\/\/lg-eichen.de\/wp-content\/uploads\/2024\/10\/Strassenkarte-200x219.jpg 200w, https:\/\/lg-eichen.de\/wp-content\/uploads\/2024\/10\/Strassenkarte-274x300.jpg 274w, https:\/\/lg-eichen.de\/wp-content\/uploads\/2024\/10\/Strassenkarte-400x437.jpg 400w, https:\/\/lg-eichen.de\/wp-content\/uploads\/2024\/10\/Strassenkarte-600x656.jpg 600w, https:\/\/lg-eichen.de\/wp-content\/uploads\/2024\/10\/Strassenkarte-768x840.jpg 768w, https:\/\/lg-eichen.de\/wp-content\/uploads\/2024\/10\/Strassenkarte-800x875.jpg 800w, https:\/\/lg-eichen.de\/wp-content\/uploads\/2024\/10\/Strassenkarte-937x1024.jpg 937w, https:\/\/lg-eichen.de\/wp-content\/uploads\/2024\/10\/Strassenkarte.jpg 1135w\" sizes=\"(max-width: 937px) 100vw, 937px\" \/><\/figure>\n<\/div>\n<\/div>\n\n\n\n<p><\/p>\n","protected":false},"excerpt":{"rendered":"<p>Auf-\/Abbauzeiten Die Stra\u00dfensperrungen f\u00fcr den 25.05.2025 (Sonntag) gelten (voraussichtlich) im Zeitraum von 7:00 Uhr bis 20:00 Uhr. Die Veranstaltung beginnt offiziell um 11:00 Uhr und endet um 17:00 Uhr. Einige infrastrukturelle Arbeiten werden auch schon in den Tagen zuvor stattfinden, dadurch kann es zu m\u00f6glichen, kurzzeitigen Behinderungen im Verkehrsfluss kommen &#8211; diese beeintr\u00e4chtigen aber keinesfalls die Durchfahrt der Stra\u00dfen und Anwohnerwege. Wir bitten dies vorab zu entschuldigen! Umleitungen Entsprechende Umleitungen durch die Bockenbachstra\u00dfe, Schulstra\u00dfe, Auf der Birke, Jahnstra\u00dfe, Stendenbacher Weg, Wendenhof und umliegend werden fr\u00fchzeitig ausgeschildert. Stra\u00dfenkarte \/ Sperrungen<\/p>\n","protected":false},"author":2,"featured_media":0,"parent":0,"menu_order":0,"comment_status":"closed","ping_status":"closed","template":"","meta":{"footnotes":""},"class_list":["post-253","page","type-page","status-publish","hentry"],"_links":{"self":[{"href":"https:\/\/lg-eichen.de\/index.php\/wp-json\/wp\/v2\/pages\/253","targetHints":{"allow":["GET"]}}],"collection":[{"href":"https:\/\/lg-eichen.de\/index.php\/wp-json\/wp\/v2\/pages"}],"about":[{"href":"https:\/\/lg-eichen.de\/index.php\/wp-json\/wp\/v2\/types\/page"}],"author":[{"embeddable":true,"href":"https:\/\/lg-eichen.de\/index.php\/wp-json\/wp\/v2\/users\/2"}],"replies":[{"embeddable":true,"href":"https:\/\/lg-eichen.de\/index.php\/wp-json\/wp\/v2\/comments?post=253"}],"version-history":[{"count":20,"href":"https:\/\/lg-eichen.de\/index.php\/wp-json\/wp\/v2\/pages\/253\/revisions"}],"predecessor-version":[{"id":275,"href":"https:\/\/lg-eichen.de\/index.php\/wp-json\/wp\/v2\/pages\/253\/revisions\/275"}],"wp:attachment":[{"href":"https:\/\/lg-eichen.de\/index.php\/wp-json\/wp\/v2\/media?parent=253"}],"curies":[{"name":"wp","href":"https:\/\/api.w.org\/{rel}","templated":true}]}}