{"id":2,"date":"2024-09-20T15:56:12","date_gmt":"2024-09-20T15:56:12","guid":{"rendered":"https:\/\/lg-eichen.de\/?page_id=2"},"modified":"2026-03-01T13:21:17","modified_gmt":"2026-03-01T13:21:17","slug":"ueber-uns","status":"publish","type":"page","link":"https:\/\/lg-eichen.de\/index.php\/ueber-uns\/","title":{"rendered":"\u00dcber uns"},"content":{"rendered":"\n<h2 class=\"wp-block-heading\"><strong><mark style=\"background-color:rgba(0, 0, 0, 0)\" class=\"has-inline-color has-awb-color-5-color\">L\u00f6schgruppe Eichen. Seit 1900.<\/mark><\/strong><\/h2>\n\n\n\n<p>Am 01. April 1900 wurde die Freiwillige Feuerwehr Eichen der damaligen Gemeinde Eichen wurde gegr\u00fcndet. Bis ins Jahr 2003 hatten wir KameradInnen unser Domizil im &#8222;alten Ger\u00e4tehaus&#8220; neben der Spedition Siebel. Im gleichen Jahr bezogen wir den Neubau des Ger\u00e4tehauses an der Hagener Stra\u00dfe. Aktuell sind wir \u00fcber 40 aktive KameradInnen die sich, wie \u00fcblich, Montags zu den Feuerwehr-\u00dcbungsabenden (Theorie und Praxis) treffen. Dar\u00fcber hinaus werden wir von weiteren KameradInnen der Unterst\u00fctzungs- und auch Ehrenabteilung tatkr\u00e4ftig unterst\u00fctzt. Neben unserem Feuerwehrdienst \u00fcbt auch der Nachwuchs in Eichen. Vor ein paar Jahren ist die &#8222;Kinderfeuerwehr Littfetal&#8220; in unser Ger\u00e4tehaus eingezogen.<\/p>\n\n\n\n<div class=\"wp-block-columns is-layout-flex wp-container-core-columns-is-layout-9d6595d7 wp-block-columns-is-layout-flex\">\n<div class=\"wp-block-column is-layout-flow wp-block-column-is-layout-flow\">\n<h3 class=\"wp-block-heading\">Einheitsf\u00fchrung<\/h3>\n<\/div>\n\n\n\n<div class=\"wp-block-column is-layout-flow wp-block-column-is-layout-flow\">\n<h3 class=\"wp-block-heading\">Mannschaft<\/h3>\n<\/div>\n<\/div>\n\n\n\n<div class=\"wp-block-columns is-layout-flex wp-container-core-columns-is-layout-9d6595d7 wp-block-columns-is-layout-flex\">\n<div class=\"wp-block-column is-layout-flow wp-block-column-is-layout-flow\">\n<figure class=\"wp-block-table has-small-font-size\"><table class=\"has-fixed-layout\"><tbody><tr><td>Einheitsf\u00fchrer<\/td><td>Spolny, Michael<\/td><td>Hauptbrandmeister<\/td><\/tr><tr><td>Stellvertreter<\/td><td>Bender, Marco<\/td><td>Unterbrandmeister<\/td><\/tr><tr><td><\/td><td>Marc Luca Korzeniowski<\/td><td>Brandmeister<\/td><\/tr><\/tbody><\/table><\/figure>\n\n\n\n<h3 class=\"wp-block-heading\">Unterst\u00fctzungsabteilung<\/h3>\n\n\n\n<figure class=\"wp-block-table has-small-font-size\"><table class=\"has-fixed-layout\"><tbody><tr><td>Gieseler, Katharina<\/td><td><\/td><\/tr><tr><td>Spolny, Catrin<\/td><td>Feuerwehrfrau<\/td><\/tr><\/tbody><\/table><\/figure>\n\n\n\n<h3 class=\"wp-block-heading\">Ehrenabteilung<\/h3>\n\n\n\n<figure class=\"wp-block-table has-small-font-size\"><table class=\"has-fixed-layout\"><tbody><tr><td>Bender, Ernst-Heinrich<\/td><td><\/td><\/tr><tr><td>Fuhr, Lothar<\/td><td><\/td><\/tr><tr><td>Katz, Hans-Reiner<\/td><td><\/td><\/tr><tr><td>Klappert, Rolf<\/td><td><\/td><\/tr><tr><td>Schlabach, Richard<\/td><td><\/td><\/tr><tr><td>Vogt, Heinrich-Dieter<\/td><td><\/td><\/tr><tr><td>Seiffarth, Arne<\/td><td><\/td><\/tr><\/tbody><\/table><\/figure>\n<\/div>\n\n\n\n<div class=\"wp-block-column is-layout-flow wp-block-column-is-layout-flow\">\n<figure class=\"wp-block-table has-small-font-size\"><table class=\"has-fixed-layout\"><tbody><tr><td>Bender, Marco<\/td><td>Unterbrandmeister<\/td><\/tr><tr><td>Flecht, Tom Luca<\/td><td>Oberfeuerwehrmann<\/td><\/tr><tr><td>Flender, Christoph<\/td><td>Unterbrandmeister<\/td><\/tr><tr><td>Flender, Lisa<\/td><td>Oberfeuerwehrfrau<\/td><\/tr><tr><td>Flender, Markus<\/td><td>Unterbrandmeister<\/td><\/tr><tr><td>Flender, Matthias<\/td><td>Unterbrandmeister<\/td><\/tr><tr><td>Gieseler, Dominic<\/td><td>Feuerwehrmann<\/td><\/tr><tr><td>Herb, Eduard<\/td><td>Feuerwehrmann<\/td><\/tr><tr><td>Hermann, Frederike<\/td><td>Feuerwehrfrau<\/td><\/tr><tr><td>H\u00fctwohl, Danny<\/td><td>Feuerwehrfrau-Anw\u00e4rterin<\/td><\/tr><tr><td>H\u00fctwohl, Marc <\/td><td>Feuerwehrmann<\/td><\/tr><tr><td>Intveen, Felix<\/td><td>Oberfeuerwehrmann<\/td><\/tr><tr><td>Jasch, Alexander<\/td><td>Brandmeister<\/td><\/tr><tr><td>Jasch, Roland<\/td><td>Unterbrandmeister<\/td><\/tr><tr><td>Klappert, Jeaninne<\/td><td>Unterbrandmeisterin<\/td><\/tr><tr><td>Laux, Fabian<\/td><td>Oberfeuerwehrmann<\/td><\/tr><tr><td>Meiser, Patrick<\/td><td>Unterbrandmeister<\/td><\/tr><tr><td>M\u00fcller, Cedric<\/td><td>Brandmeister<\/td><\/tr><tr><td>Neumann, Sven <\/td><td>Unterbrandmeister<\/td><\/tr><tr><td>Schlabach, Daniel<\/td><td>Hauptbrandmeister<\/td><\/tr><tr><td>Schlabach, Meike<\/td><td>Unterbrandmeisterin<\/td><\/tr><tr><td>Schmidt, Dirk<\/td><td>Feuerwehrmann<\/td><\/tr><tr><td>Schmidt, Karina<\/td><td>Feuerwehrfrau-Anw\u00e4rterin<\/td><\/tr><tr><td>Schmidt, Sebastian<\/td><td>Feuerwehrmann<\/td><\/tr><tr><td>Schragen, Thomas<\/td><td>Hauptbrandmeister<\/td><\/tr><tr><td>Schulte, Julian Robert<\/td><td>Unterbrandmeister<\/td><\/tr><tr><td>Siebel, Lars<\/td><td>Hauptfeuerwehrmann<\/td><\/tr><tr><td>Teuber, Frank<\/td><td>Unterbrandmeister<\/td><\/tr><tr><td>Teuber, Phil Conner<\/td><td>Oberfeuerwehrmann<\/td><\/tr><tr><td>Uecker, Stephan<\/td><td>Hauptbrandmeister<\/td><\/tr><tr><td>Vogel, Peter<\/td><td>Feuerwehrmann<\/td><\/tr><tr><td>Welz, Thorsten<\/td><td>Feuerwehrmann-Anw\u00e4rter<\/td><\/tr><tr><td>Zankowski, Florian<\/td><td>Oberfeuerwehrmann<\/td><\/tr><\/tbody><\/table><\/figure>\n<\/div>\n<\/div>\n\n\n\n<div class=\"wp-block-columns is-layout-flex wp-container-core-columns-is-layout-9d6595d7 wp-block-columns-is-layout-flex\">\n<div class=\"wp-block-column is-layout-flow wp-block-column-is-layout-flow\"><\/div>\n\n\n\n<div class=\"wp-block-column is-layout-flow wp-block-column-is-layout-flow\"><\/div>\n<\/div>\n\n\n\n<div class=\"wp-block-columns is-layout-flex wp-container-core-columns-is-layout-9d6595d7 wp-block-columns-is-layout-flex\">\n<div class=\"wp-block-column is-layout-flow wp-block-column-is-layout-flow\"><\/div>\n\n\n\n<div class=\"wp-block-column is-layout-flow wp-block-column-is-layout-flow\"><\/div>\n<\/div>\n\n\n\n<p><\/p>\n","protected":false},"excerpt":{"rendered":"<p>L\u00f6schgruppe Eichen. Seit 1900. Am 01. April 1900 wurde die Freiwillige Feuerwehr Eichen der damaligen Gemeinde Eichen wurde gegr\u00fcndet. Bis ins Jahr 2003 hatten wir KameradInnen unser Domizil im &#8222;alten Ger\u00e4tehaus&#8220; neben der Spedition Siebel. Im gleichen Jahr bezogen wir den Neubau des Ger\u00e4tehauses an der Hagener Stra\u00dfe. Aktuell sind wir \u00fcber 40 aktive KameradInnen die sich, wie \u00fcblich, Montags zu den Feuerwehr-\u00dcbungsabenden (Theorie und Praxis) treffen. Dar\u00fcber hinaus werden wir von weiteren KameradInnen der Unterst\u00fctzungs- und auch Ehrenabteilung tatkr\u00e4ftig unterst\u00fctzt. Neben unserem Feuerwehrdienst \u00fcbt auch der Nachwuchs in Eichen. Vor ein paar Jahren ist die &#8222;Kinderfeuerwehr Littfetal&#8220; in unser Ger\u00e4tehaus eingezogen. Einheitsf\u00fchrung Mannschaft Einheitsf\u00fchrer Spolny, Michael Hauptbrandmeister Stellvertreter Bender, Marco Unterbrandmeister Marc Luca Korzeniowski Brandmeister Unterst\u00fctzungsabteilung Gieseler, Katharina Spolny, Catrin Feuerwehrfrau Ehrenabteilung Bender, Ernst-Heinrich Fuhr, Lothar Katz, Hans-Reiner Klappert, Rolf Schlabach, Richard Vogt, Heinrich-Dieter Seiffarth, Arne Bender, Marco Unterbrandmeister Flecht, Tom Luca Oberfeuerwehrmann Flender, Christoph Unterbrandmeister Flender, Lisa Oberfeuerwehrfrau Flender, Markus Unterbrandmeister Flender, Matthias Unterbrandmeister Gieseler, Dominic Feuerwehrmann Herb, Eduard Feuerwehrmann Hermann, Frederike Feuerwehrfrau H\u00fctwohl, Danny Feuerwehrfrau-Anw\u00e4rterin H\u00fctwohl, Marc Feuerwehrmann Intveen, Felix Oberfeuerwehrmann Jasch, Alexander Brandmeister Jasch, Roland Unterbrandmeister Klappert, Jeaninne Unterbrandmeisterin Laux, Fabian Oberfeuerwehrmann Meiser, Patrick Unterbrandmeister M\u00fcller, Cedric Brandmeister Neumann, Sven Unterbrandmeister Schlabach, Daniel Hauptbrandmeister Schlabach, Meike Unterbrandmeisterin Schmidt, Dirk Feuerwehrmann Schmidt, Karina Feuerwehrfrau-Anw\u00e4rterin Schmidt, Sebastian Feuerwehrmann Schragen, Thomas Hauptbrandmeister Schulte, Julian Robert Unterbrandmeister Siebel, Lars Hauptfeuerwehrmann Teuber, Frank Unterbrandmeister Teuber, Phil Conner Oberfeuerwehrmann Uecker, Stephan Hauptbrandmeister Vogel, Peter Feuerwehrmann Welz, Thorsten Feuerwehrmann-Anw\u00e4rter Zankowski, Florian Oberfeuerwehrmann<\/p>\n","protected":false},"author":1,"featured_media":0,"parent":0,"menu_order":0,"comment_status":"closed","ping_status":"closed","template":"","meta":{"footnotes":""},"class_list":["post-2","page","type-page","status-publish","hentry"],"_links":{"self":[{"href":"https:\/\/lg-eichen.de\/index.php\/wp-json\/wp\/v2\/pages\/2","targetHints":{"allow":["GET"]}}],"collection":[{"href":"https:\/\/lg-eichen.de\/index.php\/wp-json\/wp\/v2\/pages"}],"about":[{"href":"https:\/\/lg-eichen.de\/index.php\/wp-json\/wp\/v2\/types\/page"}],"author":[{"embeddable":true,"href":"https:\/\/lg-eichen.de\/index.php\/wp-json\/wp\/v2\/users\/1"}],"replies":[{"embeddable":true,"href":"https:\/\/lg-eichen.de\/index.php\/wp-json\/wp\/v2\/comments?post=2"}],"version-history":[{"count":35,"href":"https:\/\/lg-eichen.de\/index.php\/wp-json\/wp\/v2\/pages\/2\/revisions"}],"predecessor-version":[{"id":383,"href":"https:\/\/lg-eichen.de\/index.php\/wp-json\/wp\/v2\/pages\/2\/revisions\/383"}],"wp:attachment":[{"href":"https:\/\/lg-eichen.de\/index.php\/wp-json\/wp\/v2\/media?parent=2"}],"curies":[{"name":"wp","href":"https:\/\/api.w.org\/{rel}","templated":true}]}}